{"id":994,"date":"2022-06-20T10:37:34","date_gmt":"2022-06-20T08:37:34","guid":{"rendered":"https:\/\/hotel-brennero.it\/colazione-a-buffet\/"},"modified":"2023-11-16T16:59:56","modified_gmt":"2023-11-16T15:59:56","slug":"fruehstuecksbuffet","status":"publish","type":"page","link":"https:\/\/hotel-brennero.it\/de\/fruehstuecksbuffet\/","title":{"rendered":"Fr\u00fchst\u00fccksbuffet"},"content":{"rendered":"<section class=\"l-section wpb_row us_custom_c4f05d71 hide_on_tablets hide_on_mobiles height_auto full_height valign_center\"><div class=\"l-section-h i-cf\"><div class=\"g-cols vc_row via_grid cols_1 laptops-cols_inherit tablets-cols_inherit mobiles-cols_1 valign_top type_default stacking_default\"><div class=\"wpb_column vc_column_container\"><div class=\"vc_column-inner\"><div class=\"w-image i1200 align_center\"><div class=\"w-image-h\"><img decoding=\"async\" width=\"1367\" height=\"596\" src=\"https:\/\/hotel-brennero.it\/wp-content\/uploads\/2022\/06\/big_logo_header.svg\" class=\"attachment-large size-large\" alt=\"\" loading=\"lazy\" \/><\/div><\/div><div class=\"g-cols wpb_row us_custom_2ee413f8 us_animate_this via_grid cols_2 laptops-cols_inherit tablets-cols_inherit mobiles-cols_1 valign_top type_default stacking_default\" style=\"--columns-gap:3rem;\"><div class=\"wpb_column vc_column_container\"><div class=\"vc_column-inner\"><\/div><\/div><div class=\"wpb_column vc_column_container\"><div class=\"vc_column-inner\"><div class=\"wpb_text_column\"><div class=\"wpb_wrapper\"><h5>UNSER REICHHALTIGES FR\u00dcHST\u00dcCK<\/h5>\n<\/div><\/div><div class=\"w-separator size_custom with_line width_30 thick_1 style_solid color_border align_left\" style=\"height:10px\"><div class=\"w-separator-h\"><\/div><\/div><div class=\"wpb_text_column\"><div class=\"wpb_wrapper\"><h3>VON ACHT BIS ZEHN UHR<br \/>\n2 Stunden, um mehr als 30 Produkte f\u00fcr Ihr Fr\u00fchst\u00fcck zu genie\u00dfen.<\/h3>\n<\/div><\/div><\/div><\/div><\/div><div class=\"w-separator size_medium\"><\/div><\/div><\/div><\/div><\/div><\/section><section class=\"l-section wpb_row hide_on_tablets hide_on_mobiles height_small\"><div class=\"l-section-h i-cf\"><div class=\"g-cols vc_row via_grid cols_1 laptops-cols_inherit tablets-cols_inherit mobiles-cols_1 valign_top type_default stacking_default\"><div class=\"wpb_column vc_column_container\"><div class=\"vc_column-inner\"><div class=\"w-grid us_grid type_grid layout_gallery_default cols_4 preload_style_spinner\" id=\"us_grid_1\" style=\"--columns:4;--gap:0.5rem;\" data-filterable=\"true\"><style>@media (max-width:1280px){#us_grid_1{--columns:3!important}}@media (max-width:1024px){#us_grid_1{--columns:2!important}}@media (max-width:600px){#us_grid_1{--columns:1!important}}.layout_gallery_default .w-grid-item-h{}<\/style><div class=\"w-grid-list\">\t<article class=\"w-grid-item size_1x1 post-895 attachment type-attachment status-inherit hentry\" data-id=\"895\">\r\n\t\t<div class=\"w-grid-item-h\">\r\n\t\t\t\t\t\t\t<a ref=\"magnificPopupGrid\" href=\"https:\/\/hotel-brennero.it\/wp-content\/uploads\/2022\/06\/photo.jpg.webp\" class=\"w-grid-item-anchor\" aria-label=\"photo.jpg\"><\/a>\r\n\t\t\t\t\t\t<div class=\"w-post-elm post_image usg_post_image_1 stretched\"><img loading=\"lazy\" decoding=\"async\" width=\"600\" height=\"400\" src=\"https:\/\/hotel-brennero.it\/wp-content\/uploads\/2022\/06\/photo.jpg-600x400.webp\" class=\"attachment-us_600_400_crop size-us_600_400_crop\" alt=\"\" srcset=\"https:\/\/hotel-brennero.it\/wp-content\/uploads\/2022\/06\/photo.jpg-600x400.webp 600w, https:\/\/hotel-brennero.it\/wp-content\/uploads\/2022\/06\/photo.jpg-1080x720.webp 1080w\" sizes=\"auto, (max-width: 600px) 100vw, 600px\" \/><\/div>\t\t<\/div>\r\n\t\t\t<\/article>\r\n\t<article class=\"w-grid-item size_1x1 post-897 attachment type-attachment status-inherit hentry\" data-id=\"897\">\r\n\t\t<div class=\"w-grid-item-h\">\r\n\t\t\t\t\t\t\t<a ref=\"magnificPopupGrid\" href=\"https:\/\/hotel-brennero.it\/wp-content\/uploads\/2022\/06\/photo-1.jpg.webp\" class=\"w-grid-item-anchor\" aria-label=\"photo-1.jpg\"><\/a>\r\n\t\t\t\t\t\t<div class=\"w-post-elm post_image usg_post_image_1 stretched\"><img loading=\"lazy\" decoding=\"async\" width=\"600\" height=\"400\" src=\"https:\/\/hotel-brennero.it\/wp-content\/uploads\/2022\/06\/photo-1.jpg-600x400.webp\" class=\"attachment-us_600_400_crop size-us_600_400_crop\" alt=\"\" srcset=\"https:\/\/hotel-brennero.it\/wp-content\/uploads\/2022\/06\/photo-1.jpg-600x400.webp 600w, https:\/\/hotel-brennero.it\/wp-content\/uploads\/2022\/06\/photo-1.jpg-1080x720.webp 1080w\" sizes=\"auto, (max-width: 600px) 100vw, 600px\" \/><\/div>\t\t<\/div>\r\n\t\t\t<\/article>\r\n\t<article class=\"w-grid-item size_1x1 post-899 attachment type-attachment status-inherit hentry\" data-id=\"899\">\r\n\t\t<div class=\"w-grid-item-h\">\r\n\t\t\t\t\t\t\t<a ref=\"magnificPopupGrid\" href=\"https:\/\/hotel-brennero.it\/wp-content\/uploads\/2022\/06\/photo-2.jpg.webp\" class=\"w-grid-item-anchor\" aria-label=\"photo-2.jpg\"><\/a>\r\n\t\t\t\t\t\t<div class=\"w-post-elm post_image usg_post_image_1 stretched\"><img loading=\"lazy\" decoding=\"async\" width=\"600\" height=\"400\" src=\"https:\/\/hotel-brennero.it\/wp-content\/uploads\/2022\/06\/photo-2.jpg-600x400.webp\" class=\"attachment-us_600_400_crop size-us_600_400_crop\" alt=\"\" srcset=\"https:\/\/hotel-brennero.it\/wp-content\/uploads\/2022\/06\/photo-2.jpg-600x400.webp 600w, https:\/\/hotel-brennero.it\/wp-content\/uploads\/2022\/06\/photo-2.jpg-1080x720.webp 1080w\" sizes=\"auto, (max-width: 600px) 100vw, 600px\" \/><\/div>\t\t<\/div>\r\n\t\t\t<\/article>\r\n\t<article class=\"w-grid-item size_1x1 post-901 attachment type-attachment status-inherit hentry\" data-id=\"901\">\r\n\t\t<div class=\"w-grid-item-h\">\r\n\t\t\t\t\t\t\t<a ref=\"magnificPopupGrid\" href=\"https:\/\/hotel-brennero.it\/wp-content\/uploads\/2022\/06\/photo-3.jpg.webp\" class=\"w-grid-item-anchor\" aria-label=\"photo-3.jpg\"><\/a>\r\n\t\t\t\t\t\t<div class=\"w-post-elm post_image usg_post_image_1 stretched\"><img loading=\"lazy\" decoding=\"async\" width=\"600\" height=\"400\" src=\"https:\/\/hotel-brennero.it\/wp-content\/uploads\/2022\/06\/photo-3.jpg-600x400.webp\" class=\"attachment-us_600_400_crop size-us_600_400_crop\" alt=\"\" srcset=\"https:\/\/hotel-brennero.it\/wp-content\/uploads\/2022\/06\/photo-3.jpg-600x400.webp 600w, https:\/\/hotel-brennero.it\/wp-content\/uploads\/2022\/06\/photo-3.jpg-1080x720.webp 1080w\" sizes=\"auto, (max-width: 600px) 100vw, 600px\" \/><\/div>\t\t<\/div>\r\n\t\t\t<\/article>\r\n<\/div>\t<div class=\"w-grid-preloader\">\r\n\t\t<div class=\"g-preloader type_custom\">\r\n\t\t\t<div><img loading=\"lazy\" decoding=\"async\" width=\"300\" height=\"131\" src=\"https:\/\/hotel-brennero.it\/wp-content\/uploads\/2022\/06\/loader-300x131.png\" class=\"attachment-medium size-medium\" alt=\"\" srcset=\"https:\/\/hotel-brennero.it\/wp-content\/uploads\/2022\/06\/loader-300x131.png 300w, https:\/\/hotel-brennero.it\/wp-content\/uploads\/2022\/06\/loader-600x263.png 600w, https:\/\/hotel-brennero.it\/wp-content\/uploads\/2022\/06\/loader.png 800w\" sizes=\"auto, (max-width: 300px) 100vw, 300px\" \/><\/div>\r\n\t\t<\/div>\r\n\t<\/div>\r\n\t\t<div class=\"w-grid-json hidden\" onclick='return {&quot;action&quot;:&quot;us_ajax_grid&quot;,&quot;infinite_scroll&quot;:0,&quot;max_num_pages&quot;:1,&quot;pagination&quot;:&quot;none&quot;,&quot;template_vars&quot;:{&quot;columns&quot;:&quot;4&quot;,&quot;exclude_items&quot;:&quot;none&quot;,&quot;img_size&quot;:&quot;us_600_400_crop&quot;,&quot;ignore_items_size&quot;:0,&quot;items_layout&quot;:&quot;gallery_default&quot;,&quot;items_offset&quot;:&quot;1&quot;,&quot;load_animation&quot;:&quot;none&quot;,&quot;overriding_link&quot;:&quot;%7B%22type%22%3A%22popup_image%22%7D&quot;,&quot;post_id&quot;:0,&quot;query_args&quot;:{&quot;post_type&quot;:[&quot;attachment&quot;],&quot;post__in&quot;:[&quot;673&quot;,&quot;674&quot;,&quot;675&quot;,&quot;676&quot;],&quot;post_status&quot;:&quot;inherit&quot;,&quot;post_mime_type&quot;:&quot;image&quot;,&quot;posts_per_page&quot;:&quot;100&quot;},&quot;orderby_query_args&quot;:{&quot;orderby&quot;:{&quot;post__in&quot;:&quot;ASC&quot;},&quot;order&quot;:&quot;ASC&quot;},&quot;type&quot;:&quot;grid&quot;,&quot;us_grid_post_type&quot;:&quot;attachment&quot;,&quot;us_grid_ajax_index&quot;:1,&quot;us_grid_filter_query_string&quot;:null,&quot;us_grid_index&quot;:1,&quot;page_args&quot;:[],&quot;lang&quot;:&quot;de&quot;}}'><\/div>\r\n\t<\/div><\/div><\/div><\/div><\/div><\/section><section class=\"l-section wpb_row us_custom_09f8effd hide_on_default hide_on_laptops height_huge\"><div class=\"l-section-h i-cf\"><div class=\"g-cols vc_row via_grid cols_1 laptops-cols_inherit tablets-cols_inherit mobiles-cols_1 valign_top type_default stacking_default\"><div class=\"wpb_column vc_column_container\"><div class=\"vc_column-inner\"><div class=\"w-separator size_huge\"><\/div><div class=\"w-image us_custom_5374f916 i300 us_animate_this align_center\"><div class=\"w-image-h\"><img decoding=\"async\" width=\"1367\" height=\"596\" src=\"https:\/\/hotel-brennero.it\/wp-content\/uploads\/2022\/06\/big_logo_header.svg\" class=\"attachment-large size-large\" alt=\"\" loading=\"lazy\" \/><\/div><\/div><div class=\"w-separator size_huge\"><\/div><div class=\"w-separator size_huge\"><\/div><div class=\"wpb_text_column us_custom_eb849559\"><div class=\"wpb_wrapper\"><h5>UNSER REICHHALTIGES FR\u00dcHST\u00dcCK<\/h5>\n<\/div><\/div><div class=\"w-separator us_custom_a833bf3c size_custom with_line width_30 thick_1 style_solid color_border align_center\" style=\"height:10px\"><div class=\"w-separator-h\"><\/div><\/div><div class=\"wpb_text_column us_custom_eb849559\"><div class=\"wpb_wrapper\"><h3>VON ACHT BIS ZEHN UHR<\/h3>\n<p>2 Stunden, um mehr als 30 Produkte f\u00fcr Ihr Fr\u00fchst\u00fcck zu genie\u00dfen.<\/p>\n<\/div><\/div><div class=\"w-separator size_huge\"><\/div><\/div><\/div><\/div><\/div><\/section><section class=\"l-section wpb_row us_custom_9fe63a9d hide_on_tablets hide_on_mobiles height_medium\"><div class=\"l-section-h i-cf\"><div class=\"g-cols vc_row via_grid cols_1 laptops-cols_inherit tablets-cols_inherit mobiles-cols_1 valign_top type_default stacking_default\"><div class=\"wpb_column vc_column_container\"><div class=\"vc_column-inner\"><div class=\"wpb_text_column\"><div class=\"wpb_wrapper\"><h1>S\u00fc\u00dfes oder herzhaftes Fr\u00fchst\u00fcck<\/h1>\n<\/div><\/div><div class=\"wpb_text_column\"><div class=\"wpb_wrapper\"><h5>MEHR ALS 30 PRODUKTE AUF DEM BUFFET, DARUNTER S\u00dcSSE, HERZHAFTE, BIOLOGISCHE UND HAUSGEMACHTE PRODUKTE.<\/h5>\n<\/div><\/div><div class=\"w-separator us_custom_a833bf3c size_custom with_line width_30 thick_1 style_solid color_border align_left\" style=\"height:10px\"><div class=\"w-separator-h\"><\/div><\/div><div class=\"w-separator size_large\"><\/div><div class=\"g-cols wpb_row via_grid cols_2 laptops-cols_inherit tablets-cols_inherit mobiles-cols_1 valign_top type_default stacking_default\" style=\"--columns-gap:4rem;\"><div class=\"wpb_column vc_column_container\"><div class=\"vc_column-inner\"><div class=\"wpb_text_column\"><div class=\"wpb_wrapper\"><h3><i class=\"fas fa-croissant oro\"><\/i> S\u00fc\u00dfes<\/h3>\n<p>Kekse, hausgemachte Kuchen, Croissants, Marmeladen, Bio-Marmelade, Schokoladenaufstrich, Honig, Vollkornm\u00fcsli, M\u00fcsli, Schokoladenm\u00fcsli und Cornflakes, Gojibeeren, Trockenfr\u00fcchte, frisches Obst, Obst in Sirup, Joghurt.<\/p>\n<h3><i class=\"far fa-egg-fried oro\"><\/i> Herzhaftes<\/h3>\n<p>Frisches Brot, Toast, Vollkorntoast, Butter, Erdnussbutter, Schinken, Edamer-K\u00e4se, French Toast mit Eiern, R\u00fchrei, Spiegelei, Omelett (alle Eier werden auf Wunsch frisch zubereitet).<\/p>\n<\/div><\/div><\/div><\/div><div class=\"wpb_column vc_column_container\"><div class=\"vc_column-inner\"><div class=\"wpb_text_column\"><div class=\"wpb_wrapper\"><h3><i class=\"far fa-mug-hot oro\"><\/i> Getr\u00e4nke und Kaffee<\/h3>\n<p>Zu den Hei\u00dfgetr\u00e4nken geh\u00f6ren Espresso, Cappuccino, Latte Macchiato, Milch, Sojamilch, Reismilch, Mandelmilch, Gerste, amerikanischer Kaffee oder Tee aus unserem Angebot.\u2028Fruchts\u00e4fte und Wasser sind immer verf\u00fcgbar.<\/p>\n<h3><i class=\"fal fa-wheat oro\"><\/i> Glutenfrei<\/h3>\n<p>Variationen f\u00fcr Z\u00f6liakie-Betroffene auf Anfrage erh\u00e4ltlich.<\/p>\n<\/div><\/div><\/div><\/div><\/div><div class=\"w-separator size_huge\"><\/div><\/div><\/div><\/div><\/div><\/section><section class=\"l-section wpb_row us_custom_d521350e hide_on_default hide_on_laptops height_medium\"><div class=\"l-section-h i-cf\"><div class=\"g-cols vc_row via_grid cols_1 laptops-cols_inherit tablets-cols_inherit mobiles-cols_1 valign_top type_default stacking_default\"><div class=\"wpb_column vc_column_container\"><div class=\"vc_column-inner\"><div class=\"w-separator size_huge\"><\/div><div class=\"w-slider style_none fit_scaledown nav_none count_4\"><div class=\"w-slider-h\" aria-hidden=\"true\"><div class=\"royalSlider\"><div class=\"rsContent\"><a class=\"rsImg\" data-rsw=\"600\" data-rsh=\"400\" href=\"https:\/\/hotel-brennero.it\/wp-content\/uploads\/2022\/06\/photo-3.jpg-600x400.webp\"><span data-alt=\"\"><\/span><\/a><\/div><div class=\"rsContent\"><a class=\"rsImg\" data-rsw=\"600\" data-rsh=\"400\" href=\"https:\/\/hotel-brennero.it\/wp-content\/uploads\/2022\/06\/photo-2.jpg-600x400.webp\"><span data-alt=\"\"><\/span><\/a><\/div><div class=\"rsContent\"><a class=\"rsImg\" data-rsw=\"600\" data-rsh=\"400\" href=\"https:\/\/hotel-brennero.it\/wp-content\/uploads\/2022\/06\/photo-1.jpg-600x400.webp\"><span data-alt=\"\"><\/span><\/a><\/div><div class=\"rsContent\"><a class=\"rsImg\" data-rsw=\"600\" data-rsh=\"400\" href=\"https:\/\/hotel-brennero.it\/wp-content\/uploads\/2022\/06\/photo.jpg-600x400.webp\"><span data-alt=\"\"><\/span><\/a><\/div><\/div><img decoding=\"async\" src=\"https:\/\/hotel-brennero.it\/wp-content\/uploads\/2022\/06\/photo-3.jpg-600x400.webp\" width=\"600\" height=\"400\" alt loading=\"lazy\"><\/div><div class=\"w-slider-json\" onclick='return {&quot;autoScaleSlider&quot;:true,&quot;addActiveClass&quot;:true,&quot;loop&quot;:true,&quot;fadeInLoadedSlide&quot;:false,&quot;slidesSpacing&quot;:0,&quot;imageScalePadding&quot;:0,&quot;numImagesToPreload&quot;:2,&quot;arrowsNav&quot;:true,&quot;arrowsNavAutoHide&quot;:false,&quot;transitionType&quot;:&quot;fade&quot;,&quot;transitionSpeed&quot;:250,&quot;block&quot;:{&quot;moveEffect&quot;:&quot;none&quot;,&quot;speed&quot;:300},&quot;thumbs&quot;:{&quot;fitInViewport&quot;:false,&quot;firstMargin&quot;:false,&quot;spacing&quot;:4},&quot;controlNavigation&quot;:&quot;none&quot;,&quot;autoScaleSliderWidth&quot;:600,&quot;autoScaleSliderHeight&quot;:400}'><\/div><\/div><div class=\"w-separator size_large\"><\/div><div class=\"wpb_text_column\"><div class=\"wpb_wrapper\"><h1>S\u00fc\u00dfes oder herzhaftes Fr\u00fchst\u00fcck<\/h1>\n<\/div><\/div><div class=\"wpb_text_column\"><div class=\"wpb_wrapper\"><h5>MEHR ALS 30 PRODUKTE AUF DEM BUFFET, DARUNTER S\u00dcSSE, HERZHAFTE, BIOLOGISCHE UND HAUSGEMACHTE PRODUKTE.<\/h5>\n<\/div><\/div><div class=\"w-separator us_custom_a833bf3c size_custom with_line width_30 thick_1 style_solid color_border align_left\" style=\"height:10px\"><div class=\"w-separator-h\"><\/div><\/div><div class=\"w-separator size_large\"><\/div><div class=\"g-cols wpb_row via_grid cols_1 laptops-cols_inherit tablets-cols_inherit mobiles-cols_1 valign_top type_default stacking_default\" style=\"--columns-gap:4rem;\"><div class=\"wpb_column vc_column_container\"><div class=\"vc_column-inner\"><div class=\"wpb_text_column\"><div class=\"wpb_wrapper\"><h3><i class=\"fas fa-croissant oro\"><\/i> S\u00fc\u00dfes<\/h3>\n<p>Kekse, hausgemachte Kuchen, Croissants, Marmeladen, Bio-Marmelade, Schokoladenaufstrich, Honig, Vollkornm\u00fcsli, M\u00fcsli, Schokoladenm\u00fcsli und Cornflakes, Gojibeeren, Trockenfr\u00fcchte, frisches Obst, Obst in Sirup, Joghurt.<\/p>\n<h3><i class=\"far fa-egg-fried oro\"><\/i> Herzhaftes<\/h3>\n<p>Frisches Brot, Toast, Vollkorntoast, Butter, Erdnussbutter, Schinken, Edamer-K\u00e4se, French Toast mit Eiern, R\u00fchrei, Spiegelei, Omelett (alle Eier werden auf Wunsch frisch zubereitet).<\/p>\n<h3><i class=\"far fa-mug-hot oro\"><\/i> Getr\u00e4nke und Kaffee<\/h3>\n<p>Zu den Hei\u00dfgetr\u00e4nken geh\u00f6ren Espresso, Cappuccino, Latte Macchiato, Milch, Sojamilch, Reismilch, Mandelmilch, Gerste, amerikanischer Kaffee oder Tee aus unserem Angebot.\u2028Fruchts\u00e4fte und Wasser sind immer verf\u00fcgbar.<\/p>\n<h3><i class=\"fal fa-wheat oro\"><\/i> Glutenfrei<\/h3>\n<p>Variationen f\u00fcr Z\u00f6liakie-Betroffene auf Anfrage erh\u00e4ltlich.<\/p>\n<\/div><\/div><\/div><\/div><\/div><div class=\"w-separator size_huge\"><\/div><\/div><\/div><\/div><\/div><\/section>\n","protected":false},"excerpt":{"rendered":"","protected":false},"author":1,"featured_media":0,"parent":0,"menu_order":0,"comment_status":"closed","ping_status":"closed","template":"","meta":{"_acf_changed":false,"inline_featured_image":false,"footnotes":""},"class_list":["post-994","page","type-page","status-publish","hentry"],"acf":[],"yoast_head":"<!-- This site is optimized with the Yoast SEO plugin v27.6 - https:\/\/yoast.com\/product\/yoast-seo-wordpress\/ -->\n<title>Fr\u00fchst\u00fccksbuffet - Hotel Brennero Verona<\/title>\n<meta name=\"robots\" content=\"index, follow, max-snippet:-1, max-image-preview:large, max-video-preview:-1\" \/>\n<link rel=\"canonical\" href=\"https:\/\/hotel-brennero.it\/de\/fruehstuecksbuffet\/\" \/>\n<meta property=\"og:locale\" content=\"de_DE\" \/>\n<meta property=\"og:type\" content=\"article\" \/>\n<meta property=\"og:title\" content=\"Fr\u00fchst\u00fccksbuffet - Hotel Brennero Verona\" \/>\n<meta property=\"og:url\" content=\"https:\/\/hotel-brennero.it\/de\/fruehstuecksbuffet\/\" \/>\n<meta property=\"og:site_name\" content=\"Hotel Brennero Verona\" \/>\n<meta property=\"article:modified_time\" content=\"2023-11-16T15:59:56+00:00\" \/>\n<meta name=\"twitter:card\" content=\"summary_large_image\" \/>\n<meta name=\"twitter:label1\" content=\"Gesch\u00e4tzte Lesezeit\" \/>\n\t<meta name=\"twitter:data1\" content=\"2\u00a0Minuten\" \/>\n<script type=\"application\/ld+json\" class=\"yoast-schema-graph\">{\"@context\":\"https:\\\/\\\/schema.org\",\"@graph\":[{\"@type\":\"WebPage\",\"@id\":\"https:\\\/\\\/hotel-brennero.it\\\/de\\\/fruehstuecksbuffet\\\/\",\"url\":\"https:\\\/\\\/hotel-brennero.it\\\/de\\\/fruehstuecksbuffet\\\/\",\"name\":\"Fr\u00fchst\u00fccksbuffet - Hotel Brennero Verona\",\"isPartOf\":{\"@id\":\"https:\\\/\\\/hotel-brennero.it\\\/#website\"},\"datePublished\":\"2022-06-20T08:37:34+00:00\",\"dateModified\":\"2023-11-16T15:59:56+00:00\",\"breadcrumb\":{\"@id\":\"https:\\\/\\\/hotel-brennero.it\\\/de\\\/fruehstuecksbuffet\\\/#breadcrumb\"},\"inLanguage\":\"de\",\"potentialAction\":[{\"@type\":\"ReadAction\",\"target\":[\"https:\\\/\\\/hotel-brennero.it\\\/de\\\/fruehstuecksbuffet\\\/\"]}]},{\"@type\":\"BreadcrumbList\",\"@id\":\"https:\\\/\\\/hotel-brennero.it\\\/de\\\/fruehstuecksbuffet\\\/#breadcrumb\",\"itemListElement\":[{\"@type\":\"ListItem\",\"position\":1,\"name\":\"Home\",\"item\":\"https:\\\/\\\/hotel-brennero.it\\\/de\\\/\"},{\"@type\":\"ListItem\",\"position\":2,\"name\":\"Fr\u00fchst\u00fccksbuffet\"}]},{\"@type\":\"WebSite\",\"@id\":\"https:\\\/\\\/hotel-brennero.it\\\/#website\",\"url\":\"https:\\\/\\\/hotel-brennero.it\\\/\",\"name\":\"Hotel Brennero Verona\",\"description\":\"Hotel Brennero Verona\",\"potentialAction\":[{\"@type\":\"SearchAction\",\"target\":{\"@type\":\"EntryPoint\",\"urlTemplate\":\"https:\\\/\\\/hotel-brennero.it\\\/?s={search_term_string}\"},\"query-input\":{\"@type\":\"PropertyValueSpecification\",\"valueRequired\":true,\"valueName\":\"search_term_string\"}}],\"inLanguage\":\"de\"}]}<\/script>\n<!-- \/ Yoast SEO plugin. -->","yoast_head_json":{"title":"Fr\u00fchst\u00fccksbuffet - Hotel Brennero Verona","robots":{"index":"index","follow":"follow","max-snippet":"max-snippet:-1","max-image-preview":"max-image-preview:large","max-video-preview":"max-video-preview:-1"},"canonical":"https:\/\/hotel-brennero.it\/de\/fruehstuecksbuffet\/","og_locale":"de_DE","og_type":"article","og_title":"Fr\u00fchst\u00fccksbuffet - Hotel Brennero Verona","og_url":"https:\/\/hotel-brennero.it\/de\/fruehstuecksbuffet\/","og_site_name":"Hotel Brennero Verona","article_modified_time":"2023-11-16T15:59:56+00:00","twitter_card":"summary_large_image","twitter_misc":{"Gesch\u00e4tzte Lesezeit":"2\u00a0Minuten"},"schema":{"@context":"https:\/\/schema.org","@graph":[{"@type":"WebPage","@id":"https:\/\/hotel-brennero.it\/de\/fruehstuecksbuffet\/","url":"https:\/\/hotel-brennero.it\/de\/fruehstuecksbuffet\/","name":"Fr\u00fchst\u00fccksbuffet - Hotel Brennero Verona","isPartOf":{"@id":"https:\/\/hotel-brennero.it\/#website"},"datePublished":"2022-06-20T08:37:34+00:00","dateModified":"2023-11-16T15:59:56+00:00","breadcrumb":{"@id":"https:\/\/hotel-brennero.it\/de\/fruehstuecksbuffet\/#breadcrumb"},"inLanguage":"de","potentialAction":[{"@type":"ReadAction","target":["https:\/\/hotel-brennero.it\/de\/fruehstuecksbuffet\/"]}]},{"@type":"BreadcrumbList","@id":"https:\/\/hotel-brennero.it\/de\/fruehstuecksbuffet\/#breadcrumb","itemListElement":[{"@type":"ListItem","position":1,"name":"Home","item":"https:\/\/hotel-brennero.it\/de\/"},{"@type":"ListItem","position":2,"name":"Fr\u00fchst\u00fccksbuffet"}]},{"@type":"WebSite","@id":"https:\/\/hotel-brennero.it\/#website","url":"https:\/\/hotel-brennero.it\/","name":"Hotel Brennero Verona","description":"Hotel Brennero Verona","potentialAction":[{"@type":"SearchAction","target":{"@type":"EntryPoint","urlTemplate":"https:\/\/hotel-brennero.it\/?s={search_term_string}"},"query-input":{"@type":"PropertyValueSpecification","valueRequired":true,"valueName":"search_term_string"}}],"inLanguage":"de"}]}},"_links":{"self":[{"href":"https:\/\/hotel-brennero.it\/de\/wp-json\/wp\/v2\/pages\/994","targetHints":{"allow":["GET"]}}],"collection":[{"href":"https:\/\/hotel-brennero.it\/de\/wp-json\/wp\/v2\/pages"}],"about":[{"href":"https:\/\/hotel-brennero.it\/de\/wp-json\/wp\/v2\/types\/page"}],"author":[{"embeddable":true,"href":"https:\/\/hotel-brennero.it\/de\/wp-json\/wp\/v2\/users\/1"}],"replies":[{"embeddable":true,"href":"https:\/\/hotel-brennero.it\/de\/wp-json\/wp\/v2\/comments?post=994"}],"version-history":[{"count":2,"href":"https:\/\/hotel-brennero.it\/de\/wp-json\/wp\/v2\/pages\/994\/revisions"}],"predecessor-version":[{"id":996,"href":"https:\/\/hotel-brennero.it\/de\/wp-json\/wp\/v2\/pages\/994\/revisions\/996"}],"wp:attachment":[{"href":"https:\/\/hotel-brennero.it\/de\/wp-json\/wp\/v2\/media?parent=994"}],"curies":[{"name":"wp","href":"https:\/\/api.w.org\/{rel}","templated":true}]}}