{"id":1145,"date":"2022-06-20T10:39:16","date_gmt":"2022-06-20T08:39:16","guid":{"rendered":"https:\/\/hotel-brennero.it\/verona-card\/"},"modified":"2023-11-21T15:33:47","modified_gmt":"2023-11-21T14:33:47","slug":"verona-card","status":"publish","type":"page","link":"https:\/\/hotel-brennero.it\/de\/verona-card\/","title":{"rendered":"Verona Card"},"content":{"rendered":"<section class=\"l-section wpb_row height_medium full_height valign_bottom color_primary with_img parallax_ver\"><div class=\"l-section-img\" role=\"img\" aria-label=\"Bild\" data-img-width=\"1920\" data-img-height=\"1280\" style=\"background-image: url(https:\/\/hotel-brennero.it\/wp-content\/uploads\/2022\/06\/back-view-of-tourist-woman-walks-towards-verona-arena-italy4.jpg);background-repeat: no-repeat;\"><\/div><div class=\"l-section-overlay\" style=\"background:rgba(0,0,0,0.25)\"><\/div><div class=\"l-section-h i-cf\"><div class=\"g-cols vc_row via_grid cols_1 laptops-cols_inherit tablets-cols_inherit mobiles-cols_1 valign_top type_default stacking_default\" style=\"--columns-gap:2rem;\"><div class=\"wpb_column vc_column_container\"><div class=\"vc_column-inner\"><div class=\"g-cols wpb_row via_grid cols_1 laptops-cols_inherit tablets-cols_inherit mobiles-cols_1 valign_top type_default stacking_default\" style=\"--columns-gap:3rem;\"><div class=\"wpb_column vc_column_container\"><div class=\"vc_column-inner\"><div class=\"wpb_text_column us_custom_b48c5a8c has_text_color\"><div class=\"wpb_wrapper\"><p>VERONA CARD<\/p>\n<\/div><\/div><div class=\"w-separator size_custom with_line width_30 thick_2 style_solid color_text align_right\" style=\"height:10px\"><div class=\"w-separator-h\"><\/div><\/div><\/div><\/div><\/div><\/div><\/div><\/div><\/div><\/section><section class=\"l-section wpb_row us_custom_8f3dc027 height_large\"><div class=\"l-section-h i-cf\"><div class=\"g-cols vc_row via_grid cols_1 laptops-cols_inherit tablets-cols_inherit mobiles-cols_1 valign_top type_default stacking_default\"><div class=\"wpb_column vc_column_container\"><div class=\"vc_column-inner\"><div class=\"wpb_text_column\"><div class=\"wpb_wrapper\"><h1>VeronaCard &#8211; Gemeinde Verona<\/h1>\n<\/div><\/div><div class=\"wpb_text_column\"><div class=\"wpb_wrapper\"><h3>Die VeronaCard ist ein Kombi-Ticket, mit dem Sie die Stadt erkunden k\u00f6nnen!<\/h3>\n<\/div><\/div><div class=\"w-separator us_custom_a833bf3c size_custom with_line width_30 thick_1 style_solid color_border align_left\" style=\"height:10px\"><div class=\"w-separator-h\"><\/div><\/div><div class=\"w-separator size_huge\"><\/div><div class=\"g-cols wpb_row via_grid cols_2 laptops-cols_inherit tablets-cols_inherit mobiles-cols_1 valign_top type_default stacking_default\" style=\"--columns-gap:3rem;\"><div class=\"wpb_column vc_column_container\"><div class=\"vc_column-inner\"><div class=\"wpb_text_column us_custom_432d3f53\"><div class=\"wpb_wrapper\"><p>Besuchen Sie den legend\u00e4ren Balkon von Julia, besteigen Sie den Torre dei Lamberti f\u00fcr eine atemberaubende Aussicht, besuchen Sie die sch\u00f6nsten Kirchen von Verona und entdecken Sie noch viel mehr!<\/p>\n<p><strong>Erh\u00e4ltlich in zwei Ausf\u00fchrungen:<\/strong><br \/>\n<strong>20 \u20ac g\u00fcltig f\u00fcr 24 Stunden <\/strong> oder <strong>25 \u20ac g\u00fcltig f\u00fcr 48 Stunden <\/strong> nach der ersten Nutzung.<br \/>\nMit der VeronaCard haben Sie kostenlosen Zugang zum Mart \u2013 Museum f\u00fcr moderne und zeitgen\u00f6ssische Kunst in Trient und Rovereto, zum Futuristischen Kunsthaus Depero, zum Schloss Buonconsiglio und zum Muse \u2013 Museum der Wissenschaften.<\/p>\n<\/div><\/div><\/div><\/div><div class=\"wpb_column vc_column_container\"><div class=\"vc_column-inner\"><div class=\"w-image align_center\"><div class=\"w-image-h\"><img decoding=\"async\" width=\"1320\" height=\"743\" src=\"https:\/\/hotel-brennero.it\/wp-content\/uploads\/2022\/06\/luogo-fcacca6d-6827-49be-ad0c-71ed490f43f916099.jpg\" class=\"attachment-full size-full\" alt=\"\" loading=\"lazy\" srcset=\"https:\/\/hotel-brennero.it\/wp-content\/uploads\/2022\/06\/luogo-fcacca6d-6827-49be-ad0c-71ed490f43f916099.jpg 1320w, https:\/\/hotel-brennero.it\/wp-content\/uploads\/2022\/06\/luogo-fcacca6d-6827-49be-ad0c-71ed490f43f916099-300x169.jpg 300w, https:\/\/hotel-brennero.it\/wp-content\/uploads\/2022\/06\/luogo-fcacca6d-6827-49be-ad0c-71ed490f43f916099-1024x576.jpg 1024w, https:\/\/hotel-brennero.it\/wp-content\/uploads\/2022\/06\/luogo-fcacca6d-6827-49be-ad0c-71ed490f43f916099-600x338.jpg 600w\" sizes=\"auto, (max-width: 1320px) 100vw, 1320px\" \/><\/div><\/div><\/div><\/div><\/div><\/div><\/div><\/div><\/div><\/section><section class=\"l-section wpb_row us_custom_2be1362b height_medium\"><div class=\"l-section-h i-cf\"><div class=\"g-cols vc_row via_grid cols_1 laptops-cols_inherit tablets-cols_inherit mobiles-cols_1 valign_top type_default stacking_default\"><div class=\"wpb_column vc_column_container\"><div class=\"vc_column-inner\"><div class=\"wpb_text_column us_custom_6745946f has_text_color\"><div class=\"wpb_wrapper\"><h2>die VeronaCard und teilnehmende Partner<\/h2>\n<\/div><\/div><div class=\"wpb_text_column us_custom_bdd36f44\"><div class=\"wpb_wrapper\"><p>Die VeronaCard ist ein Kombi-Ticket, mit dem Sie kostenlosen oder erm\u00e4\u00dfigten Zugang zu den wichtigsten Museen, Denkm\u00e4lern und Kirchen der Stadt haben. Au\u00dferdem ist die Nutzung der \u00f6ffentlichen Verkehrsmittel inklusive.<\/p>\n<\/div><\/div><div class=\"w-separator size_medium\"><\/div><div class=\"g-cols wpb_row us_custom_5d7a3253 via_grid cols_2 laptops-cols_inherit tablets-cols_inherit mobiles-cols_1 valign_top type_default stacking_default\" style=\"--columns-gap:4rem;\"><div class=\"wpb_column vc_column_container\"><div class=\"vc_column-inner\"><div class=\"wpb_text_column\"><div class=\"wpb_wrapper\"><h4>Kostenloser Eintritt:<\/h4>\n<ul>\n<li style=\"font-weight: 400;\">Arena von Verona<\/li>\n<li style=\"font-weight: 400;\">Basilika St. Anastasia<\/li>\n<li style=\"font-weight: 400;\">Basilika S. Zeno<\/li>\n<li style=\"font-weight: 400;\">Haus der Julia<\/li>\n<li style=\"font-weight: 400;\">Internationales Zentrum f\u00fcr Fotografie<\/li>\n<li style=\"font-weight: 400;\">Kirche S. Fermo<\/li>\n<li style=\"font-weight: 400;\">Domkomplex<\/li>\n<li style=\"font-weight: 400;\">Galerie f\u00fcr moderne Kunst \u201eAchille Forti Palazzo della Ragione\u201c<\/li>\n<li style=\"font-weight: 400;\">Museum von Castelvecchio<\/li>\n<li style=\"font-weight: 400;\">Naturhistorisches Museum<\/li>\n<li style=\"font-weight: 400;\">Museum Lapidario Maffeiano<\/li>\n<li style=\"font-weight: 400;\">Arch\u00e4ologisches Museum im R\u00f6mischen Theater<\/li>\n<li style=\"font-weight: 400;\">Museum der Fresken \u201eG. B. Cavalcaselle am Grab der Julia\u201c<\/li>\n<li style=\"font-weight: 400;\">Turm der Lamberti<\/li>\n<li style=\"font-weight: 400;\">Scaliger-Grabm\u00e4ler<\/li>\n<\/ul>\n<\/div><\/div><\/div><\/div><div class=\"wpb_column vc_column_container\"><div class=\"vc_column-inner\"><div class=\"wpb_text_column\"><div class=\"wpb_wrapper\"><h4>Erm\u00e4\u00dfigter Eintritt f\u00fcr:<\/h4>\n<ul>\n<li style=\"font-weight: 400;\">Museum Miniscalchi Erizzo: voller Preis 5,00 Euro; mit der VeronaCard 3,00 Euro<\/li>\n<li style=\"font-weight: 400;\">Afrikanisches Museum: voller Preis 5,00 Euro; mit der VeronaCard 3,00 Euro<\/li>\n<li style=\"font-weight: 400;\">Giardino Giusti: voller Preis: 10,00 Euro; mit der VeronaCard 7,00 Euro<\/li>\n<li style=\"font-weight: 400;\">Palazzo Maffei \u2013 Museumshaus: voller Preis: 14,00 Euro; mit der VeronaCard 10,00 Euro<\/li>\n<li style=\"font-weight: 400;\">Stiftung Biblioteca Capitolare: voller Preis: 15,00 Euro; mit der VeronaCard 12,00 Euro<\/li>\n<li style=\"font-weight: 400;\">Nationales Arch\u00e4ologisches Museum von Verona: voller Preis: 5,00 Euro; mit der VeronaCard 3,00 Euro<\/li>\n<\/ul>\n<h4>Kostenloser Transport:<\/h4>\n<p>St\u00e4dtische Linien ATV Verona<\/p>\n<\/div><\/div><\/div><\/div><\/div><\/div><\/div><\/div><\/div><\/section>\n","protected":false},"excerpt":{"rendered":"VERONA CARD VeronaCard &#8211; Gemeinde Verona Die VeronaCard ist ein Kombi-Ticket, mit dem Sie die Stadt erkunden k\u00f6nnen! Besuchen Sie den legend\u00e4ren Balkon von Julia, besteigen Sie den Torre dei Lamberti f\u00fcr eine atemberaubende Aussicht, besuchen Sie die sch\u00f6nsten Kirchen von Verona und entdecken Sie noch viel mehr! Erh\u00e4ltlich in zwei Ausf\u00fchrungen: 20 \u20ac g\u00fcltig...","protected":false},"author":1,"featured_media":0,"parent":0,"menu_order":0,"comment_status":"closed","ping_status":"closed","template":"","meta":{"_acf_changed":false,"inline_featured_image":false,"footnotes":""},"class_list":["post-1145","page","type-page","status-publish","hentry"],"acf":[],"yoast_head":"<!-- This site is optimized with the Yoast SEO plugin v27.6 - https:\/\/yoast.com\/product\/yoast-seo-wordpress\/ -->\n<title>Verona Card - Hotel Brennero Verona<\/title>\n<meta name=\"robots\" content=\"index, follow, max-snippet:-1, max-image-preview:large, max-video-preview:-1\" \/>\n<link rel=\"canonical\" href=\"https:\/\/hotel-brennero.it\/de\/verona-card\/\" \/>\n<meta property=\"og:locale\" content=\"de_DE\" \/>\n<meta property=\"og:type\" content=\"article\" \/>\n<meta property=\"og:title\" content=\"Verona Card - Hotel Brennero Verona\" \/>\n<meta property=\"og:url\" content=\"https:\/\/hotel-brennero.it\/de\/verona-card\/\" \/>\n<meta property=\"og:site_name\" content=\"Hotel Brennero Verona\" \/>\n<meta property=\"article:modified_time\" content=\"2023-11-21T14:33:47+00:00\" \/>\n<meta name=\"twitter:card\" content=\"summary_large_image\" \/>\n<meta name=\"twitter:label1\" content=\"Gesch\u00e4tzte Lesezeit\" \/>\n\t<meta name=\"twitter:data1\" content=\"2\u00a0Minuten\" \/>\n<script type=\"application\/ld+json\" class=\"yoast-schema-graph\">{\"@context\":\"https:\\\/\\\/schema.org\",\"@graph\":[{\"@type\":\"WebPage\",\"@id\":\"https:\\\/\\\/hotel-brennero.it\\\/de\\\/verona-card\\\/\",\"url\":\"https:\\\/\\\/hotel-brennero.it\\\/de\\\/verona-card\\\/\",\"name\":\"Verona Card - Hotel Brennero Verona\",\"isPartOf\":{\"@id\":\"https:\\\/\\\/hotel-brennero.it\\\/#website\"},\"datePublished\":\"2022-06-20T08:39:16+00:00\",\"dateModified\":\"2023-11-21T14:33:47+00:00\",\"breadcrumb\":{\"@id\":\"https:\\\/\\\/hotel-brennero.it\\\/de\\\/verona-card\\\/#breadcrumb\"},\"inLanguage\":\"de\",\"potentialAction\":[{\"@type\":\"ReadAction\",\"target\":[\"https:\\\/\\\/hotel-brennero.it\\\/de\\\/verona-card\\\/\"]}]},{\"@type\":\"BreadcrumbList\",\"@id\":\"https:\\\/\\\/hotel-brennero.it\\\/de\\\/verona-card\\\/#breadcrumb\",\"itemListElement\":[{\"@type\":\"ListItem\",\"position\":1,\"name\":\"Home\",\"item\":\"https:\\\/\\\/hotel-brennero.it\\\/de\\\/\"},{\"@type\":\"ListItem\",\"position\":2,\"name\":\"Verona Card\"}]},{\"@type\":\"WebSite\",\"@id\":\"https:\\\/\\\/hotel-brennero.it\\\/#website\",\"url\":\"https:\\\/\\\/hotel-brennero.it\\\/\",\"name\":\"Hotel Brennero Verona\",\"description\":\"Hotel Brennero Verona\",\"potentialAction\":[{\"@type\":\"SearchAction\",\"target\":{\"@type\":\"EntryPoint\",\"urlTemplate\":\"https:\\\/\\\/hotel-brennero.it\\\/?s={search_term_string}\"},\"query-input\":{\"@type\":\"PropertyValueSpecification\",\"valueRequired\":true,\"valueName\":\"search_term_string\"}}],\"inLanguage\":\"de\"}]}<\/script>\n<!-- \/ Yoast SEO plugin. -->","yoast_head_json":{"title":"Verona Card - Hotel Brennero Verona","robots":{"index":"index","follow":"follow","max-snippet":"max-snippet:-1","max-image-preview":"max-image-preview:large","max-video-preview":"max-video-preview:-1"},"canonical":"https:\/\/hotel-brennero.it\/de\/verona-card\/","og_locale":"de_DE","og_type":"article","og_title":"Verona Card - Hotel Brennero Verona","og_url":"https:\/\/hotel-brennero.it\/de\/verona-card\/","og_site_name":"Hotel Brennero Verona","article_modified_time":"2023-11-21T14:33:47+00:00","twitter_card":"summary_large_image","twitter_misc":{"Gesch\u00e4tzte Lesezeit":"2\u00a0Minuten"},"schema":{"@context":"https:\/\/schema.org","@graph":[{"@type":"WebPage","@id":"https:\/\/hotel-brennero.it\/de\/verona-card\/","url":"https:\/\/hotel-brennero.it\/de\/verona-card\/","name":"Verona Card - Hotel Brennero Verona","isPartOf":{"@id":"https:\/\/hotel-brennero.it\/#website"},"datePublished":"2022-06-20T08:39:16+00:00","dateModified":"2023-11-21T14:33:47+00:00","breadcrumb":{"@id":"https:\/\/hotel-brennero.it\/de\/verona-card\/#breadcrumb"},"inLanguage":"de","potentialAction":[{"@type":"ReadAction","target":["https:\/\/hotel-brennero.it\/de\/verona-card\/"]}]},{"@type":"BreadcrumbList","@id":"https:\/\/hotel-brennero.it\/de\/verona-card\/#breadcrumb","itemListElement":[{"@type":"ListItem","position":1,"name":"Home","item":"https:\/\/hotel-brennero.it\/de\/"},{"@type":"ListItem","position":2,"name":"Verona Card"}]},{"@type":"WebSite","@id":"https:\/\/hotel-brennero.it\/#website","url":"https:\/\/hotel-brennero.it\/","name":"Hotel Brennero Verona","description":"Hotel Brennero Verona","potentialAction":[{"@type":"SearchAction","target":{"@type":"EntryPoint","urlTemplate":"https:\/\/hotel-brennero.it\/?s={search_term_string}"},"query-input":{"@type":"PropertyValueSpecification","valueRequired":true,"valueName":"search_term_string"}}],"inLanguage":"de"}]}},"_links":{"self":[{"href":"https:\/\/hotel-brennero.it\/de\/wp-json\/wp\/v2\/pages\/1145","targetHints":{"allow":["GET"]}}],"collection":[{"href":"https:\/\/hotel-brennero.it\/de\/wp-json\/wp\/v2\/pages"}],"about":[{"href":"https:\/\/hotel-brennero.it\/de\/wp-json\/wp\/v2\/types\/page"}],"author":[{"embeddable":true,"href":"https:\/\/hotel-brennero.it\/de\/wp-json\/wp\/v2\/users\/1"}],"replies":[{"embeddable":true,"href":"https:\/\/hotel-brennero.it\/de\/wp-json\/wp\/v2\/comments?post=1145"}],"version-history":[{"count":3,"href":"https:\/\/hotel-brennero.it\/de\/wp-json\/wp\/v2\/pages\/1145\/revisions"}],"predecessor-version":[{"id":1148,"href":"https:\/\/hotel-brennero.it\/de\/wp-json\/wp\/v2\/pages\/1145\/revisions\/1148"}],"wp:attachment":[{"href":"https:\/\/hotel-brennero.it\/de\/wp-json\/wp\/v2\/media?parent=1145"}],"curies":[{"name":"wp","href":"https:\/\/api.w.org\/{rel}","templated":true}]}}